{"id":124069,"date":"2015-12-13T14:58:22","date_gmt":"2015-12-13T13:58:22","guid":{"rendered":"https:\/\/wpml.hrcws.nl\/nl-testing\/"},"modified":"2025-08-11T16:00:51","modified_gmt":"2025-08-11T14:00:51","slug":"nl-testing","status":"publish","type":"page","link":"https:\/\/wpml.hrcws.nl\/fr\/","title":{"rendered":"NL Testing"},"content":{"rendered":"<p>[et_pb_section fb_built=\u00a0\u00bb1&Prime; admin_label=\u00a0\u00bbsection\u00a0\u00bb _builder_version=\u00a0\u00bb4.16&Prime; global_colors_info=\u00a0\u00bb{}\u00a0\u00bb][et_pb_row admin_label=\u00a0\u00bbLigne\u00a0\u00bb _builder_version=\u00a0\u00bb4.16&Prime; background_size=\u00a0\u00bbinitial\u00a0\u00bb background_position=\u00a0\u00bbtop_left\u00a0\u00bb background_repeat=\u00a0\u00bbrepeat\u00a0\u00bb global_colors_info=\u00a0\u00bb{}\u00a0\u00bb][et_pb_column type=\u00a0\u00bb4_4&Prime; _builder_version=\u00a0\u00bb4.16&Prime; custom_padding=\u00a0\u00bb|||\u00a0\u00bb global_colors_info=\u00a0\u00bb{}\u00a0\u00bb custom_padding__hover=\u00a0\u00bb|||\u00a0\u00bb][et_pb_text _builder_version=\u00a0\u00bb4.16&Prime; global_colors_info=\u00a0\u00bb{}\u00a0\u00bb]<\/p>\n<h1>NL Testing<\/h1>\n<p>[\/et_pb_text][et_pb_blurb title=\u00a0\u00bbFR Voici le titre de la brochure\u00a0\u00bb url=\u00a0\u00bbhttps:\/\/wpml.hrcws.nl\/doel-pagina\/\u00a0\u00bb use_icon=\u00a0\u00bbon\u00a0\u00bb font_icon=\u00a0\u00bb&#xe02c;||divi||400&Prime; icon_color=\u00a0\u00bb#ffffff\u00a0\u00bb image_icon_background_color=\u00a0\u00bb#7EBEC5&Prime; icon_placement=\u00a0\u00bbleft\u00a0\u00bb image_icon_width=\u00a0\u00bb16px\u00a0\u00bb _builder_version=\u00a0\u00bb4.16&Prime; image_icon_custom_padding=\u00a0\u00bb8px|8px|8px|8px|false|false\u00a0\u00bb animation=\u00a0\u00bboff\u00a0\u00bb border_radii_image=\u00a0\u00bbon|100%|100%|100%|100%\u00a0\u00bb use_circle=\u00a0\u00bbon\u00a0\u00bb global_colors_info=\u00a0\u00bb{}\u00a0\u00bb image_icon_background_color__sticky_enabled=\u00a0\u00bb#7EBEC5&Prime; image_icon_background_color__sticky=\u00a0\u00bb#7EBEC5&Prime;]<\/p>\n<p>FR Le Lorem Ipsum est un texte type de l&rsquo;industrie de l&rsquo;impression et de la composition. Le Lorem Ipsum est le texte de correction standard de l&rsquo;industrie depuis le 16e si\u00e8cle, lorsqu&rsquo;un imprimeur inconnu a pris un crochet de r\u00e9glage avec des lettres et les a m\u00e9lang\u00e9es pour en faire un catalogue de polices. Non seulement elle a surv\u00e9cu pendant cinq si\u00e8cles, mais elle a \u00e9galement \u00e9t\u00e9 adopt\u00e9e, pratiquement sans changement, dans la composition \u00e9lectronique. Il est devenu populaire dans les ann\u00e9es 1960 avec l&rsquo;introduction des feuilles Letraset avec des passages en Lorem Ipsum et, plus r\u00e9cemment, par les logiciels de publication assist\u00e9e par ordinateur comme Aldus PageMaker qui contiennent des versions de Lorem Ipsum. Et une nouvelle r\u00e8gle.<\/p>\n<p>[\/et_pb_blurb][et_pb_text _builder_version=\u00a0\u00bb4.27.0&Prime; _module_preset=\u00a0\u00bbdefault\u00a0\u00bb global_colors_info=\u00a0\u00bb{}\u00a0\u00bb]<\/p>\n<p>Je m&rsquo;appelle Jean-Pierre Cornelissen. J&rsquo;ai suivi une formation compl\u00e8te en h\u00f4tellerie. J&rsquo;ai commenc\u00e9 \u00e0 la SKB d&rsquo;Eindhoven, l&rsquo;\u00e9cole des m\u00e9tiers de la consommation, ou \u00ab\u00a0\u00e9cole de cuisine\u00a0\u00bb. J&rsquo;ai suivi les instructions pour cuisiner et servir, comme vous pouvez le voir sur la photo ci-dessus \ud83d\ude01 pouvez-vous me trouver ? J&rsquo;ai ensuite suivi une formation secondaire dans le domaine de l&rsquo;<a href=\"https:\/\/www.hotelschoolmaastricht.nl\/bachelor-hotelmanagement\" target=\"_blank\" rel=\"noopener\">h\u00f4tellerie et des services et j&rsquo;ai finalement obtenu mon dipl\u00f4me \u00e0 l&rsquo;\u00e9cole h\u00f4teli\u00e8re de Maastricht<\/a>.<\/p>\n<p>\u00c0 l&rsquo;\u00e2ge de 14 ans, j&rsquo;ai commenc\u00e9 \u00e0 travailler dans le secteur de l&rsquo;h\u00f4tellerie et de la restauration pour gagner un peu d&rsquo;argent de poche. J&rsquo;ai travaill\u00e9 dans une caf\u00e9t\u00e9ria, une cr\u00eaperie, un grand restaurant self-service et un restaurant haut de gamme. J&rsquo;ai organis\u00e9 des f\u00eates, j&rsquo;ai \u00e9t\u00e9 r\u00e9ceptionniste et auditeur de nuit dans un h\u00f4tel, directeur d&rsquo;un centre de jeunesse avec caf\u00e9, restaurant et salle de concert, et directeur de la division des chambres d&rsquo;un parc de bungalows.  <\/p>\n<p>Dans les ann\u00e9es 1990, les ordinateurs et l&rsquo;internet ont pris une importance croissante dans le secteur de l&rsquo;h\u00f4tellerie et de la restauration. J&rsquo;ai commenc\u00e9 \u00e0 m&rsquo;int\u00e9resser \u00e0 la combinaison de l&rsquo;h\u00f4tellerie et de l&rsquo;automatisation et j&rsquo;ai chang\u00e9 de carri\u00e8re. J&rsquo;ai commenc\u00e9 \u00e0 travailler dans une entreprise d&rsquo;automatisation de l&rsquo;accueil, o\u00f9 j&rsquo;installais et configurais des logiciels, assurais la formation et l&rsquo;assistance, et contr\u00f4lais la qualit\u00e9 des logiciels en tant que testeur. Pendant mon temps libre, j&rsquo;ai appris \u00e0 cr\u00e9er des sites web, j&rsquo;ai beaucoup lu sur le marketing en ligne et j&rsquo;ai beaucoup utilis\u00e9 les m\u00e9dias sociaux. J&rsquo;aime essayer et tester les choses, j&rsquo;aime aider \u00e0 r\u00e9soudre les probl\u00e8mes d&rsquo;automatisation et continuer jusqu&rsquo;\u00e0 ce que tout soit parfait. Parce que <strong>ce qui est bon n&rsquo;est jamais assez bon.<\/strong><\/p>\n<p>Je travaille avec des partenaires qui ont tous une formation dans le domaine de l&rsquo;h\u00f4tellerie. Ensemble, nous sommes des <strong>sp\u00e9cialistes de l&rsquo;h\u00f4tellerie<\/strong> en mati\u00e8re de conception de sites web, de conseil et de d\u00e9veloppement de concepts, de textes et de communication, de marketing par courrier \u00e9lectronique, de marketing en ligne, de photographie et de marketing vid\u00e9o. <strong> <\/strong><\/p>\n<p>Je connais le secteur de l&rsquo;h\u00f4tellerie et de la restauration, ainsi que la technologie qui le sous-tend, de fond en comble. Je vous comprends. Je parle votre langue et je peux la traduire dans la langue de l&rsquo;internet.  <\/p>\n<p>[\/et_pb_text][et_pb_text _builder_version=\u00a0\u00bb4.27.0&Prime; _module_preset=\u00a0\u00bbdefault\u00a0\u00bb hover_enabled=\u00a0\u00bb0&Prime; sticky_enabled=\u00a0\u00bb0&Prime;]<\/p>\n<p>Horeca Webservice rend les restaurants et autres entreprises du secteur de l&rsquo;h\u00f4tellerie plus visibles et plus faciles \u00e0 trouver sur Internet.<\/p>\n<p>Vous avez un restaurant.<span> <\/span><strong>Vous pr\u00e9f\u00e9rez vous occuper de vos invit\u00e9s.<\/strong> Avec cela, vous \u00eates suffisamment occup\u00e9. La mise \u00e0 jour du site web de votre restaurant, de Facebook ou d&rsquo;autres m\u00e9dias sociaux et l&rsquo;envoi de lettres d&rsquo;information sont souvent laiss\u00e9s de c\u00f4t\u00e9.<\/p>\n<p>Vous venez de<span> <\/span><strong>pas le temps ni l&rsquo;envie<\/strong><span> <\/span>afin de suivre et d&rsquo;appliquer toutes les possibilit\u00e9s en termes de sites web, de m\u00e9dias sociaux et de marketing en ligne. Par cons\u00e9quent, il se peut que <strong>moins de tables soient occup\u00e9es<\/strong> chaque soir <span> <\/span>que vous ne le souhaiteriez. Ou besoin&#8230;<\/p>\n<p>C&rsquo;est exactement ce que je vous aide \u00e0 faire. Je vous d\u00e9charge de tout votre travail en ligne<span> <\/span><strong>afin que vous puissiez vous occuper de vos invit\u00e9s<\/strong>. C&rsquo;est pourquoi vous avez ouvert un restaurant. C&rsquo;est vrai ?<\/p>\n<p>[\/et_pb_text][\/et_pb_column][\/et_pb_row][et_pb_row _builder_version=\u00a0\u00bb4.16&Prime; background_size=\u00a0\u00bbinitial\u00a0\u00bb background_position=\u00a0\u00bbtop_left\u00a0\u00bb background_repeat=\u00a0\u00bbrepeat\u00a0\u00bb global_colors_info=\u00a0\u00bb{}\u00a0\u00bb][et_pb_column type=\u00a0\u00bb4_4&Prime; _builder_version=\u00a0\u00bb4.16&Prime; custom_padding=\u00a0\u00bb|||\u00a0\u00bb global_colors_info=\u00a0\u00bb{}\u00a0\u00bb custom_padding__hover=\u00a0\u00bb|||\u00a0\u00bb][et_pb_button button_url=\u00a0\u00bbhttps:\/\/wpml.hrcws.nl\/doel-pagina\/\u00a0\u00bb button_text=\u00a0\u00bbFR Il s&apos;agit d&apos;un bouton\u00a0\u00bb button_alignment=\u00a0\u00bbcenter\u00a0\u00bb _builder_version=\u00a0\u00bb4.16&Prime; custom_css_main_element=\u00a0\u00bbwidth:100%;\u00a0\u00bb global_colors_info=\u00a0\u00bb{}\u00a0\u00bb button_text_size__hover_enabled=\u00a0\u00bboff\u00a0\u00bb button_one_text_size__hover_enabled=\u00a0\u00bboff\u00a0\u00bb button_two_text_size__hover_enabled=\u00a0\u00bboff\u00a0\u00bb button_text_color__hover_enabled=\u00a0\u00bboff\u00a0\u00bb button_one_text_color__hover_enabled=\u00a0\u00bboff\u00a0\u00bb button_two_text_color__hover_enabled=\u00a0\u00bboff\u00a0\u00bb button_border_width__hover_enabled=\u00a0\u00bboff\u00a0\u00bb button_one_border_width__hover_enabled=\u00a0\u00bboff\u00a0\u00bb button_two_border_width__hover_enabled=\u00a0\u00bboff\u00a0\u00bb button_border_color__hover_enabled=\u00a0\u00bboff\u00a0\u00bb button_one_border_color__hover_enabled=\u00a0\u00bboff\u00a0\u00bb button_two_border_color__hover_enabled=\u00a0\u00bboff\u00a0\u00bb button_border_radius__hover_enabled=\u00a0\u00bboff\u00a0\u00bb button_one_border_radius__hover_enabled=\u00a0\u00bboff\u00a0\u00bb button_two_border_radius__hover_enabled=\u00a0\u00bboff\u00a0\u00bb button_letter_spacing__hover_enabled=\u00a0\u00bboff\u00a0\u00bb button_one_letter_spacing__hover_enabled=\u00a0\u00bboff\u00a0\u00bb button_two_letter_spacing__hover_enabled=\u00a0\u00bboff\u00a0\u00bb button_bg_color__hover_enabled=\u00a0\u00bboff\u00a0\u00bb button_one_bg_color__hover_enabled=\u00a0\u00bboff\u00a0\u00bb button_two_bg_color__hover_enabled=\u00a0\u00bboff\u00a0\u00bb][\/et_pb_button][\/et_pb_column][\/et_pb_row][et_pb_row _builder_version=\u00a0\u00bb4.16&Prime; background_size=\u00a0\u00bbinitial\u00a0\u00bb background_position=\u00a0\u00bbtop_left\u00a0\u00bb background_repeat=\u00a0\u00bbrepeat\u00a0\u00bb global_colors_info=\u00a0\u00bb{}\u00a0\u00bb][et_pb_column type=\u00a0\u00bb4_4&Prime; _builder_version=\u00a0\u00bb4.16&Prime; custom_padding=\u00a0\u00bb|||\u00a0\u00bb global_colors_info=\u00a0\u00bb{}\u00a0\u00bb custom_padding__hover=\u00a0\u00bb|||\u00a0\u00bb][et_pb_cta title=\u00a0\u00bbFR Il s&apos;agit d&apos;un appel \u00e0 l&apos;action (CTA).\u00a0\u00bb button_url=\u00a0\u00bbhttps:\/\/wpml.hrcws.nl\/doel-pagina\/\u00a0\u00bb button_text=\u00a0\u00bbFR CTA Cliquez ici\u00a0\u00bb _builder_version=\u00a0\u00bb4.16&Prime; global_colors_info=\u00a0\u00bb{}\u00a0\u00bb button_text_size__hover_enabled=\u00a0\u00bboff\u00a0\u00bb button_one_text_size__hover_enabled=\u00a0\u00bboff\u00a0\u00bb button_two_text_size__hover_enabled=\u00a0\u00bboff\u00a0\u00bb button_text_color__hover_enabled=\u00a0\u00bboff\u00a0\u00bb button_one_text_color__hover_enabled=\u00a0\u00bboff\u00a0\u00bb button_two_text_color__hover_enabled=\u00a0\u00bboff\u00a0\u00bb button_border_width__hover_enabled=\u00a0\u00bboff\u00a0\u00bb button_one_border_width__hover_enabled=\u00a0\u00bboff\u00a0\u00bb button_two_border_width__hover_enabled=\u00a0\u00bboff\u00a0\u00bb button_border_color__hover_enabled=\u00a0\u00bboff\u00a0\u00bb button_one_border_color__hover_enabled=\u00a0\u00bboff\u00a0\u00bb button_two_border_color__hover_enabled=\u00a0\u00bboff\u00a0\u00bb button_border_radius__hover_enabled=\u00a0\u00bboff\u00a0\u00bb button_one_border_radius__hover_enabled=\u00a0\u00bboff\u00a0\u00bb button_two_border_radius__hover_enabled=\u00a0\u00bboff\u00a0\u00bb button_letter_spacing__hover_enabled=\u00a0\u00bboff\u00a0\u00bb button_one_letter_spacing__hover_enabled=\u00a0\u00bboff\u00a0\u00bb button_two_letter_spacing__hover_enabled=\u00a0\u00bboff\u00a0\u00bb button_bg_color__hover_enabled=\u00a0\u00bboff\u00a0\u00bb button_one_bg_color__hover_enabled=\u00a0\u00bboff\u00a0\u00bb button_two_bg_color__hover_enabled=\u00a0\u00bboff\u00a0\u00bb]<\/p>\n<p>Le Lorem Ipsum n&rsquo;est qu&rsquo;un exemple de texte issu de l&rsquo;industrie de l&rsquo;impression et de la composition. Le Lorem Ipsum est le texte de correction standard de l&rsquo;industrie depuis le 16e si\u00e8cle, lorsqu&rsquo;un imprimeur inconnu a pris un crochet de r\u00e9glage avec des lettres et les a m\u00e9lang\u00e9es pour en faire un catalogue de polices. Non seulement elle a surv\u00e9cu pendant cinq si\u00e8cles, mais elle a \u00e9galement \u00e9t\u00e9 adopt\u00e9e, pratiquement sans changement, dans la composition \u00e9lectronique. Il est devenu populaire dans les ann\u00e9es 1960 avec l&rsquo;introduction des feuilles Letraset avec des passages en Lorem Ipsum et, plus r\u00e9cemment, par les logiciels de publication assist\u00e9e par ordinateur comme Aldus PageMaker qui contiennent des versions de Lorem Ipsum.<\/p>\n<p>[\/et_pb_cta][\/et_pb_column][\/et_pb_row][\/et_pb_section]<\/p>\n","protected":false},"excerpt":{"rendered":"<p>NL TestingFR Le Lorem Ipsum est un texte type de l&rsquo;industrie de l&rsquo;impression et de la composition. Le Lorem Ipsum est le texte de correction standard de l&rsquo;industrie depuis le 16e si\u00e8cle, lorsqu&rsquo;un imprimeur inconnu a pris un crochet de r\u00e9glage avec des lettres et les a m\u00e9lang\u00e9es pour en faire un catalogue de polices. [&hellip;]<\/p>\n","protected":false},"author":9,"featured_media":0,"parent":0,"menu_order":0,"comment_status":"closed","ping_status":"closed","template":"","meta":{"_et_pb_use_builder":"on","_et_pb_old_content":"","_et_gb_content_width":"","footnotes":""},"class_list":["post-124069","page","type-page","status-publish","hentry"],"_links":{"self":[{"href":"https:\/\/wpml.hrcws.nl\/fr\/wp-json\/wp\/v2\/pages\/124069","targetHints":{"allow":["GET"]}}],"collection":[{"href":"https:\/\/wpml.hrcws.nl\/fr\/wp-json\/wp\/v2\/pages"}],"about":[{"href":"https:\/\/wpml.hrcws.nl\/fr\/wp-json\/wp\/v2\/types\/page"}],"author":[{"embeddable":true,"href":"https:\/\/wpml.hrcws.nl\/fr\/wp-json\/wp\/v2\/users\/9"}],"replies":[{"embeddable":true,"href":"https:\/\/wpml.hrcws.nl\/fr\/wp-json\/wp\/v2\/comments?post=124069"}],"version-history":[{"count":2,"href":"https:\/\/wpml.hrcws.nl\/fr\/wp-json\/wp\/v2\/pages\/124069\/revisions"}],"predecessor-version":[{"id":124075,"href":"https:\/\/wpml.hrcws.nl\/fr\/wp-json\/wp\/v2\/pages\/124069\/revisions\/124075"}],"wp:attachment":[{"href":"https:\/\/wpml.hrcws.nl\/fr\/wp-json\/wp\/v2\/media?parent=124069"}],"curies":[{"name":"wp","href":"https:\/\/api.w.org\/{rel}","templated":true}]}}