{"id":124100,"date":"2018-04-18T09:50:51","date_gmt":"2018-04-18T07:50:51","guid":{"rendered":"https:\/\/wpml.hrcws.nl\/pages-cibles\/"},"modified":"2025-08-11T16:00:59","modified_gmt":"2025-08-11T14:00:59","slug":"pages-cibles","status":"publish","type":"page","link":"https:\/\/wpml.hrcws.nl\/fr\/pages-cibles\/","title":{"rendered":"Pages cibles"},"content":{"rendered":"<p>[et_pb_section fb_built=\u00a0\u00bb1&Prime; _builder_version=\u00a0\u00bb3.22&Prime;][et_pb_row _builder_version=\u00a0\u00bb3.25&Prime; background_size=\u00a0\u00bbinitial\u00a0\u00bb background_position=\u00a0\u00bbtop_left\u00a0\u00bb background_repeat=\u00a0\u00bbrepeat\u00a0\u00bb][et_pb_column type=\u00a0\u00bb4_4&Prime; _builder_version=\u00a0\u00bb3.25&Prime; custom_padding=\u00a0\u00bb|||\u00a0\u00bb custom_padding__hover=\u00a0\u00bb|||\u00a0\u00bb][et_pb_text _builder_version=\u00a0\u00bb3.27.4&Prime;]<\/p>\n<h1>Page cible (NL)<\/h1>\n<p>Le <strong>Lorem Ipsum<\/strong> n&rsquo;est qu&rsquo;un exemple de texte issu de l&rsquo;industrie de l&rsquo;imprimerie et de la composition. Le Lorem Ipsum est le texte de correction standard de l&rsquo;industrie depuis le 16e si\u00e8cle, lorsqu&rsquo;un imprimeur inconnu a pris un crochet de r\u00e9glage avec des lettres et les a m\u00e9lang\u00e9es pour en faire un catalogue de polices. Non seulement elle a surv\u00e9cu pendant cinq si\u00e8cles, mais elle a \u00e9galement \u00e9t\u00e9 adopt\u00e9e, pratiquement sans changement, dans la composition \u00e9lectronique. Il est devenu populaire dans les ann\u00e9es 1960 avec l&rsquo;introduction des feuilles Letraset avec des passages en Lorem Ipsum et, plus r\u00e9cemment, par les logiciels de publication assist\u00e9e par ordinateur comme Aldus PageMaker qui contiennent des versions de Lorem Ipsum.<br \/>\n[\/et_pb_text][\/et_pb_column][\/et_pb_row][\/et_pb_section]<\/p>\n","protected":false},"excerpt":{"rendered":"<p>Page cible (NL) Le Lorem Ipsum n&rsquo;est qu&rsquo;un exemple de texte issu de l&rsquo;industrie de l&rsquo;imprimerie et de la composition. Le Lorem Ipsum est le texte de correction standard de l&rsquo;industrie depuis le 16e si\u00e8cle, lorsqu&rsquo;un imprimeur inconnu a pris un crochet de r\u00e9glage avec des lettres et les a m\u00e9lang\u00e9es pour en faire un [&hellip;]<\/p>\n","protected":false},"author":9,"featured_media":0,"parent":0,"menu_order":0,"comment_status":"closed","ping_status":"closed","template":"","meta":{"_et_pb_use_builder":"on","_et_pb_old_content":"","_et_gb_content_width":"","footnotes":""},"class_list":["post-124100","page","type-page","status-publish","hentry"],"_links":{"self":[{"href":"https:\/\/wpml.hrcws.nl\/fr\/wp-json\/wp\/v2\/pages\/124100","targetHints":{"allow":["GET"]}}],"collection":[{"href":"https:\/\/wpml.hrcws.nl\/fr\/wp-json\/wp\/v2\/pages"}],"about":[{"href":"https:\/\/wpml.hrcws.nl\/fr\/wp-json\/wp\/v2\/types\/page"}],"author":[{"embeddable":true,"href":"https:\/\/wpml.hrcws.nl\/fr\/wp-json\/wp\/v2\/users\/9"}],"replies":[{"embeddable":true,"href":"https:\/\/wpml.hrcws.nl\/fr\/wp-json\/wp\/v2\/comments?post=124100"}],"version-history":[{"count":2,"href":"https:\/\/wpml.hrcws.nl\/fr\/wp-json\/wp\/v2\/pages\/124100\/revisions"}],"predecessor-version":[{"id":124107,"href":"https:\/\/wpml.hrcws.nl\/fr\/wp-json\/wp\/v2\/pages\/124100\/revisions\/124107"}],"wp:attachment":[{"href":"https:\/\/wpml.hrcws.nl\/fr\/wp-json\/wp\/v2\/media?parent=124100"}],"curies":[{"name":"wp","href":"https:\/\/api.w.org\/{rel}","templated":true}]}}