{"id":124110,"date":"2018-05-08T11:03:02","date_gmt":"2018-05-08T09:03:02","guid":{"rendered":"https:\/\/wpml.hrcws.nl\/nl-testing\/probleme-de-style-de-liste\/"},"modified":"2025-08-11T16:01:00","modified_gmt":"2025-08-11T14:01:00","slug":"probleme-de-style-de-liste","status":"publish","type":"page","link":"https:\/\/wpml.hrcws.nl\/fr\/nl-testing\/probleme-de-style-de-liste\/","title":{"rendered":"Probl\u00e8me de style de liste"},"content":{"rendered":"<p>[et_pb_section bb_built=\u00a0\u00bb1&Prime; _builder_version=\u00a0\u00bb3.2.2&Prime;][et_pb_row _builder_version=\u00a0\u00bb3.0.47&Prime; background_size=\u00a0\u00bbinitial\u00a0\u00bb background_position=\u00a0\u00bbtop_left\u00a0\u00bb background_repeat=\u00a0\u00bbrepeat\u00a0\u00bb][et_pb_column type=\u00a0\u00bb4_4&Prime;][et_pb_text _builder_version=\u00a0\u00bb3.15&Prime;]<\/p>\n<h1>Probl\u00e8me de style de liste (EN)<\/h1>\n<p>[\/et_pb_text][et_pb_text admin_label=\u00a0\u00bbText &#8211; outside\u00a0\u00bb _builder_version=\u00a0\u00bb3.15&Prime; ol_position=\u00a0\u00bboutside\u00a0\u00bb]<\/p>\n<h1>Les deux \u00e0 l&rsquo;ext\u00e9rieur<\/h1>\n<p>Lever les yeux vers l&rsquo;ext\u00e9rieur, les yeux vers l&rsquo;int\u00e9rieur, les yeux vers l&rsquo;ext\u00e9rieur, les yeux vers l&rsquo;int\u00e9rieur. Lacus vel facilisis volutpat est velit egestas dui id ornare. Suscipit adipiscing bibendum est ultricies integer quis. Diam vulputate ut pharetra sit amet aliquam id. Varius duis at consectetur lorem donec.<\/p>\n<ol>\n<li>Odio euismod lacinia at quis risus sed vulputate. Platea dictumst vestibulum rhoncus est pellentesque elit ullamcorper dignissim. Lectus proin nibh nisl condimentum. Sed vulputate odio ut enim blandit volutpat. Sapien et ligula ullamcorper malesuada proin libero nunc consequat.<\/li>\n<li>Odio euismod lacinia at quis risus sed vulputate. Platea dictumst vestibulum rhoncus est pellentesque elit ullamcorper dignissim. Lectus proin nibh nisl condimentum. Sed vulputate odio ut enim blandit volutpat. Sapien et ligula ullamcorper malesuada proin libero nunc consequat.<\/li>\n<li>Odio euismod lacinia at quis risus sed vulputate. Platea dictumst vestibulum rhoncus est pellentesque elit ullamcorper dignissim. Lectus proin nibh nisl condimentum. Sed vulputate odio ut enim blandit volutpat. Sapien et ligula ullamcorper malesuada proin libero nunc consequat.<\/li>\n<\/ol>\n<p>Bla bla<\/p>\n<ul>\n<li>Odio euismod lacinia at quis risus sed vulputate. Platea dictumst vestibulum rhoncus est pellentesque elit ullamcorper dignissim. Lectus proin nibh nisl condimentum. Sed vulputate odio ut enim blandit volutpat. Sapien et ligula ullamcorper malesuada proin libero nunc consequat.<\/li>\n<li>Odio euismod lacinia at quis risus sed vulputate. Platea dictumst vestibulum rhoncus est pellentesque elit ullamcorper dignissim. Lectus proin nibh nisl condimentum. Sed vulputate odio ut enim blandit volutpat. Sapien et ligula ullamcorper malesuada proin libero nunc consequat.<\/li>\n<li>Odio euismod lacinia at quis risus sed vulputate. Platea dictumst vestibulum rhoncus est pellentesque elit ullamcorper dignissim. Lectus proin nibh nisl condimentum. Sed vulputate odio ut enim blandit volutpat. Sapien et ligula ullamcorper malesuada proin libero nunc consequat.<\/li>\n<\/ul>\n<p>[\/et_pb_text][et_pb_text admin_label=\u00a0\u00bbText &#8211; inside\u00a0\u00bb _builder_version=\u00a0\u00bb3.2.1&Prime; ul_position=\u00a0\u00bbinside\u00a0\u00bb]<\/p>\n<h1>Les deux \u00e0 l&rsquo;int\u00e9rieur<\/h1>\n<p>Lever les yeux vers l&rsquo;ext\u00e9rieur, les yeux vers l&rsquo;int\u00e9rieur, les yeux vers l&rsquo;ext\u00e9rieur, les yeux vers l&rsquo;int\u00e9rieur. Lacus vel facilisis volutpat est velit egestas dui id ornare. Suscipit adipiscing bibendum est ultricies integer quis. Diam vulputate ut pharetra sit amet aliquam id. Varius duis at consectetur lorem donec.<\/p>\n<ol>\n<li>Odio euismod lacinia at quis risus sed vulputate. Platea dictumst vestibulum rhoncus est pellentesque elit ullamcorper dignissim. Lectus proin nibh nisl condimentum. Sed vulputate odio ut enim blandit volutpat. Sapien et ligula ullamcorper malesuada proin libero nunc consequat.<\/li>\n<li>Odio euismod lacinia at quis risus sed vulputate. Platea dictumst vestibulum rhoncus est pellentesque elit ullamcorper dignissim. Lectus proin nibh nisl condimentum. Sed vulputate odio ut enim blandit volutpat. Sapien et ligula ullamcorper malesuada proin libero nunc consequat.<\/li>\n<li>Odio euismod lacinia at quis risus sed vulputate. Platea dictumst vestibulum rhoncus est pellentesque elit ullamcorper dignissim. Lectus proin nibh nisl condimentum. Sed vulputate odio ut enim blandit volutpat. Sapien et ligula ullamcorper malesuada proin libero nunc consequat.<\/li>\n<\/ol>\n<p>Bla bla<\/p>\n<ul>\n<li>Odio euismod lacinia at quis risus sed vulputate. Platea dictumst vestibulum rhoncus est pellentesque elit ullamcorper dignissim. Lectus proin nibh nisl condimentum. Sed vulputate odio ut enim blandit volutpat. Sapien et ligula ullamcorper malesuada proin libero nunc consequat.<\/li>\n<li>Odio euismod lacinia at quis risus sed vulputate. Platea dictumst vestibulum rhoncus est pellentesque elit ullamcorper dignissim. Lectus proin nibh nisl condimentum. Sed vulputate odio ut enim blandit volutpat. Sapien et ligula ullamcorper malesuada proin libero nunc consequat.<\/li>\n<li>Odio euismod lacinia at quis risus sed vulputate. Platea dictumst vestibulum rhoncus est pellentesque elit ullamcorper dignissim. Lectus proin nibh nisl condimentum. Sed vulputate odio ut enim blandit volutpat. Sapien et ligula ullamcorper malesuada proin libero nunc consequat.<\/li>\n<\/ul>\n<p>[\/et_pb_text][\/et_pb_column][\/et_pb_row][\/et_pb_section]<\/p>\n","protected":false},"excerpt":{"rendered":"<p>Probl\u00e8me de style de liste (EN) Les deux \u00e0 l&rsquo;ext\u00e9rieur Lever les yeux vers l&rsquo;ext\u00e9rieur, les yeux vers l&rsquo;int\u00e9rieur, les yeux vers l&rsquo;ext\u00e9rieur, les yeux vers l&rsquo;int\u00e9rieur. Lacus vel facilisis volutpat est velit egestas dui id ornare. Suscipit adipiscing bibendum est ultricies integer quis. Diam vulputate ut pharetra sit amet aliquam id. Varius duis at [&hellip;]<\/p>\n","protected":false},"author":9,"featured_media":0,"parent":124069,"menu_order":0,"comment_status":"closed","ping_status":"closed","template":"","meta":{"_et_pb_use_builder":"on","_et_pb_old_content":"","_et_gb_content_width":"","footnotes":""},"class_list":["post-124110","page","type-page","status-publish","hentry"],"_links":{"self":[{"href":"https:\/\/wpml.hrcws.nl\/fr\/wp-json\/wp\/v2\/pages\/124110","targetHints":{"allow":["GET"]}}],"collection":[{"href":"https:\/\/wpml.hrcws.nl\/fr\/wp-json\/wp\/v2\/pages"}],"about":[{"href":"https:\/\/wpml.hrcws.nl\/fr\/wp-json\/wp\/v2\/types\/page"}],"author":[{"embeddable":true,"href":"https:\/\/wpml.hrcws.nl\/fr\/wp-json\/wp\/v2\/users\/9"}],"replies":[{"embeddable":true,"href":"https:\/\/wpml.hrcws.nl\/fr\/wp-json\/wp\/v2\/comments?post=124110"}],"version-history":[{"count":2,"href":"https:\/\/wpml.hrcws.nl\/fr\/wp-json\/wp\/v2\/pages\/124110\/revisions"}],"predecessor-version":[{"id":124112,"href":"https:\/\/wpml.hrcws.nl\/fr\/wp-json\/wp\/v2\/pages\/124110\/revisions\/124112"}],"up":[{"embeddable":true,"href":"https:\/\/wpml.hrcws.nl\/fr\/wp-json\/wp\/v2\/pages\/124069"}],"wp:attachment":[{"href":"https:\/\/wpml.hrcws.nl\/fr\/wp-json\/wp\/v2\/media?parent=124110"}],"curies":[{"name":"wp","href":"https:\/\/api.w.org\/{rel}","templated":true}]}}