{"id":124124,"date":"2018-10-02T14:51:27","date_gmt":"2018-10-02T12:51:27","guid":{"rendered":"https:\/\/wpml.hrcws.nl\/chambres-bakker\/"},"modified":"2025-08-11T16:01:10","modified_gmt":"2025-08-11T14:01:10","slug":"chambres-bakker","status":"publish","type":"page","link":"https:\/\/wpml.hrcws.nl\/fr\/chambres-bakker\/","title":{"rendered":"Chambres Bakker"},"content":{"rendered":"<p>[et_pb_section bb_built=\u00a0\u00bb1&Prime; module_class=\u00a0\u00bbhws-background\u00a0\u00bb _builder_version=\u00a0\u00bb3.0.85&Prime; background_size=\u00a0\u00bbcontain\u00a0\u00bb background_repeat=\u00a0\u00bbrepeat\u00a0\u00bb custom_margin=\u00a0\u00bb||0px|\u00a0\u00bb custom_padding=\u00a0\u00bb|0px|0px|\u00a0\u00bb][et_pb_row module_class=\u00a0\u00bbhws-row-width\u00a0\u00bb _builder_version=\u00a0\u00bb3.0.91&Prime; background_size=\u00a0\u00bbinitial\u00a0\u00bb background_position=\u00a0\u00bbtop_left\u00a0\u00bb background_repeat=\u00a0\u00bbrepeat\u00a0\u00bb][et_pb_column type=\u00a0\u00bb4_4&Prime;][et_pb_text admin_label=\u00a0\u00bbText &#8211; Ontspannen slapen&#8230;\u00a0\u00bb background_layout=\u00a0\u00bbdark\u00a0\u00bb _builder_version=\u00a0\u00bb3.0.101&Prime; link_font=\u00a0\u00bb||||on||||dotted\u00a0\u00bb link_text_color=\u00a0\u00bb#ffffff\u00a0\u00bb]<\/p>\n<h1>Dormez tranquillement \u00e0 l&rsquo;h\u00f4tel Bakker&#8230;<\/h1>\n<p>Apr\u00e8s un d\u00e9licieux <a href=\"https:\/\/www.bakkerinvorden.nl\/restaurant\/\">d\u00eener<\/a>, une <a href=\"https:\/\/www.bakkerinvorden.nl\/feesten-catering\/\">f\u00eate<\/a> ou une <a href=\"https:\/\/www.bakkerinvorden.nl\/activiteiten\/\">journ\u00e9e dans l&rsquo;Achterhoek<\/a>, il est relaxant de dormir \u00e0 Bakker in Vorden. L&rsquo;h\u00f4tel dispose de 12 jolies chambres de jardin, 13 chambres de luxe, 2 suites et 3 chambres familiales spacieuses.<\/p>\n<p>[\/et_pb_text][et_pb_text admin_label=\u00a0\u00bbText &#8211; Hotelinformatie\u00a0\u00bb background_layout=\u00a0\u00bbdark\u00a0\u00bb _builder_version=\u00a0\u00bb3.0.101&Prime; header_5_font=\u00a0\u00bb|600|||||||\u00a0\u00bb locked=\u00a0\u00bboff\u00a0\u00bb]<\/p>\n<h5>Offre de menu pour les clients de l&rsquo;h\u00f4tel<\/h5>\n<p>En tant que client de notre h\u00f4tel, vous pouvez profiter d&rsquo;un menu demi-pension changeant de 3 plats \u00e0 32,50 \u20ac p.p. ou de 4 plats \u00e0 37,50 \u20ac. Pendant la p\u00e9riode du jeu, nous servons un menu \u00e0 3 plats \u00e0 42,50 \u20ac et un menu \u00e0 4 plats \u00e0 47,50 \u20ac.<\/p>\n<p>[\/et_pb_text][\/et_pb_column][\/et_pb_row][et_pb_row custom_padding=\u00a0\u00bb||50px|\u00a0\u00bb custom_margin=\u00a0\u00bb|||\u00a0\u00bb _builder_version=\u00a0\u00bb3.0.101&Prime;][et_pb_column type=\u00a0\u00bb1_3&Prime;][et_pb_blurb admin_label=\u00a0\u00bbBlurb &#8211; Deluxe kamer\u00a0\u00bb title=\u00a0\u00bbChambre de luxe\u00a0\u00bb url=\u00a0\u00bbhttps:\/\/www.bakkerinvorden.nl\/kamers\/hotelinformatie\/\u00a0\u00bb image=\u00a0\u00bbhttps:\/\/wpml.hrcws.nl\/wp-content\/uploads\/Deluxe-hotelkamer-van-Hotel-Bakker-in-Vorden-800&#215;533.jpg\u00a0\u00bb alt=\u00a0\u00bbChambre de luxe de l&#039;h\u00f4tel Bakker \u00e0 Vorden\u00a0\u00bb module_class=\u00a0\u00bbhws-blurb\u00a0\u00bb _builder_version=\u00a0\u00bb3.0.106&Prime; header_level=\u00a0\u00bbh2&Prime; header_font=\u00a0\u00bb|700||on|||||\u00a0\u00bb header_text_align=\u00a0\u00bbcenter\u00a0\u00bb background_color=\u00a0\u00bb#ffffff\u00a0\u00bb animation=\u00a0\u00bboff\u00a0\u00bb use_border_color=\u00a0\u00bboff\u00a0\u00bb global_module=\u00a0\u00bb118506&Prime; saved_tabs=\u00a0\u00bball\u00a0\u00bb custom_css_blurb_content=\u00a0\u00bbheight: 525px;\u00a0\u00bb url_new_window=\u00a0\u00bboff\u00a0\u00bb use_icon=\u00a0\u00bboff\u00a0\u00bb use_circle=\u00a0\u00bboff\u00a0\u00bb use_circle_border=\u00a0\u00bboff\u00a0\u00bb icon_placement=\u00a0\u00bbtop\u00a0\u00bb background_layout=\u00a0\u00bblight\u00a0\u00bb use_icon_font_size=\u00a0\u00bboff\u00a0\u00bb]<\/p>\n<p>Deze ruime tweepersoonskamer is voorzien van een bad, een aparte douche en toilet. De kamers bevinden zich in een historisch bijgebouw tegenover het hotel.<\/p>\n<p>Kamergrootte: 32 m2. Kamerfaciliteiten: balkon, TV, telefoon, radio, bureau, verwarming, bad, douche, haardroger, WC, koffie- en theevoorzieningen, gratis WiFi.<\/p>\n<p>[\/et_pb_blurb][et_pb_button admin_label=\u00a0\u00bbButton &#8211; Meer info\u00a0\u00bb button_url=\u00a0\u00bbhttps:\/\/www.bakkerinvorden.nl\/kamers\/hotelinformatie\/\u00a0\u00bb button_text=\u00a0\u00bbPlus d&apos;informations\u00a0\u00bb button_alignment=\u00a0\u00bbcenter\u00a0\u00bb background_layout=\u00a0\u00bbdark\u00a0\u00bb module_class=\u00a0\u00bbhws-btn-left\u00a0\u00bb _builder_version=\u00a0\u00bb3.0.91&Prime; custom_button=\u00a0\u00bbon\u00a0\u00bb button_text_size=\u00a0\u00bb16&Prime; button_bg_color=\u00a0\u00bb#8f8d8d\u00a0\u00bb button_font=\u00a0\u00bb|||on|||||\u00a0\u00bb button_use_icon=\u00a0\u00bboff\u00a0\u00bb button_bg_color_hover=\u00a0\u00bb#999797&Prime; button_letter_spacing_hover=\u00a0\u00bb0&Prime; global_module=\u00a0\u00bb118512&Prime; saved_tabs=\u00a0\u00bball\u00a0\u00bb]<\/p>\n<p>&nbsp;<\/p>\n<p>[\/et_pb_button][et_pb_button admin_label=\u00a0\u00bbButton &#8211; Boek Nu\u00a0\u00bb button_url=\u00a0\u00bbhttps:\/\/www.bakkerinvorden.nl\/kamers\/reserveer-een-kamer\/?type_reservering=Hotelkamer&amp;kamertype=Deluxe-kamer\u00a0\u00bb button_text=\u00a0\u00bbR\u00e9servez d\u00e8s maintenant\u00a0\u00bb button_alignment=\u00a0\u00bbcenter\u00a0\u00bb background_layout=\u00a0\u00bbdark\u00a0\u00bb module_class=\u00a0\u00bbhws-btn-right\u00a0\u00bb _builder_version=\u00a0\u00bb3.0.106&Prime; global_module=\u00a0\u00bb118514&Prime; saved_tabs=\u00a0\u00bball\u00a0\u00bb button_bg_color=\u00a0\u00bb#504c4c\u00a0\u00bb button_font=\u00a0\u00bb|||on|||||\u00a0\u00bb button_use_icon=\u00a0\u00bboff\u00a0\u00bb button_bg_color_hover=\u00a0\u00bb#424242&Prime; url_new_window=\u00a0\u00bboff\u00a0\u00bb custom_button=\u00a0\u00bboff\u00a0\u00bb button_icon_placement=\u00a0\u00bbright\u00a0\u00bb \/][\/et_pb_column][et_pb_column type=\u00a0\u00bb1_3&Prime;][et_pb_blurb admin_label=\u00a0\u00bbBlurb &#8211; Tuinkamer\u00a0\u00bb title=\u00a0\u00bbChambre de jardin\u00a0\u00bb url=\u00a0\u00bbhttps:\/\/www.bakkerinvorden.nl\/kamers\/hotelinformatie\/\u00a0\u00bb image=\u00a0\u00bbhttps:\/\/wpml.hrcws.nl\/wp-content\/uploads\/Tuinkamer-van-Hotel-Bakker-in-Vorden-800&#215;533.jpg\u00a0\u00bb alt=\u00a0\u00bbLa salle de jardin de l&#039;h\u00f4tel Bakker \u00e0 Vorden\u00a0\u00bb module_class=\u00a0\u00bbhws-blurb\u00a0\u00bb _builder_version=\u00a0\u00bb3.0.106&Prime; header_level=\u00a0\u00bbh2&Prime; header_font=\u00a0\u00bb|700||on|||||\u00a0\u00bb header_text_align=\u00a0\u00bbcenter\u00a0\u00bb background_color=\u00a0\u00bb#ffffff\u00a0\u00bb animation=\u00a0\u00bboff\u00a0\u00bb use_border_color=\u00a0\u00bboff\u00a0\u00bb global_module=\u00a0\u00bb118506&Prime; saved_tabs=\u00a0\u00bball\u00a0\u00bb custom_css_blurb_content=\u00a0\u00bbheight: 525px;\u00a0\u00bb url_new_window=\u00a0\u00bboff\u00a0\u00bb use_icon=\u00a0\u00bboff\u00a0\u00bb use_circle=\u00a0\u00bboff\u00a0\u00bb use_circle_border=\u00a0\u00bboff\u00a0\u00bb icon_placement=\u00a0\u00bbtop\u00a0\u00bb background_layout=\u00a0\u00bblight\u00a0\u00bb use_icon_font_size=\u00a0\u00bboff\u00a0\u00bb]<\/p>\n<p>Tweepersoonskamer met bad of douche en met een tuin of balkon. De kamers bevinden zich in een bijgebouw of de tuin van het hotel.<\/p>\n<p>Kamergrootte: 22 m2. Kamerfaciliteiten: balkon, TV, telefoon, radio, bureau, zithoek, verwarming, bad of douche, haardroger, WC, gratis WiFi.<\/p>\n<p>[\/et_pb_blurb][et_pb_button admin_label=\u00a0\u00bbButton &#8211; Meer info\u00a0\u00bb button_url=\u00a0\u00bbhttps:\/\/www.bakkerinvorden.nl\/kamers\/hotelinformatie\/\u00a0\u00bb button_text=\u00a0\u00bbPlus d&apos;informations\u00a0\u00bb button_alignment=\u00a0\u00bbcenter\u00a0\u00bb background_layout=\u00a0\u00bbdark\u00a0\u00bb module_class=\u00a0\u00bbhws-btn-left\u00a0\u00bb _builder_version=\u00a0\u00bb3.0.91&Prime; custom_button=\u00a0\u00bbon\u00a0\u00bb button_text_size=\u00a0\u00bb16&Prime; button_bg_color=\u00a0\u00bb#8f8d8d\u00a0\u00bb button_font=\u00a0\u00bb|||on|||||\u00a0\u00bb button_use_icon=\u00a0\u00bboff\u00a0\u00bb button_bg_color_hover=\u00a0\u00bb#999797&Prime; button_letter_spacing_hover=\u00a0\u00bb0&Prime; global_module=\u00a0\u00bb118512&Prime; saved_tabs=\u00a0\u00bball\u00a0\u00bb]<\/p>\n<p>&nbsp;<\/p>\n<p>[\/et_pb_button][et_pb_button admin_label=\u00a0\u00bbButton &#8211; Boek Nu\u00a0\u00bb button_url=\u00a0\u00bbhttps:\/\/www.bakkerinvorden.nl\/kamers\/reserveer-een-kamer\/?type_reservering=Hotelkamer&amp;kamertype=Tuinkamer\u00a0\u00bb button_text=\u00a0\u00bbR\u00e9servez d\u00e8s maintenant\u00a0\u00bb button_alignment=\u00a0\u00bbcenter\u00a0\u00bb background_layout=\u00a0\u00bbdark\u00a0\u00bb module_class=\u00a0\u00bbhws-btn-right\u00a0\u00bb _builder_version=\u00a0\u00bb3.0.106&Prime; global_module=\u00a0\u00bb118514&Prime; saved_tabs=\u00a0\u00bball\u00a0\u00bb button_bg_color=\u00a0\u00bb#504c4c\u00a0\u00bb button_font=\u00a0\u00bb|||on|||||\u00a0\u00bb button_use_icon=\u00a0\u00bboff\u00a0\u00bb button_bg_color_hover=\u00a0\u00bb#424242&Prime; url_new_window=\u00a0\u00bboff\u00a0\u00bb custom_button=\u00a0\u00bboff\u00a0\u00bb button_icon_placement=\u00a0\u00bbright\u00a0\u00bb \/][\/et_pb_column][et_pb_column type=\u00a0\u00bb1_3&Prime;][et_pb_blurb admin_label=\u00a0\u00bbBlurb &#8211; Familiekamer\u00a0\u00bb title=\u00a0\u00bbSalle familiale\u00a0\u00bb url=\u00a0\u00bbhttps:\/\/www.bakkerinvorden.nl\/kamers\/hotelinformatie\/\u00a0\u00bb image=\u00a0\u00bbhttps:\/\/wpml.hrcws.nl\/wp-content\/uploads\/Familiekamer-van-Hotel-Bakker-in-Vorden-800&#215;533.jpg\u00a0\u00bb alt=\u00a0\u00bbChambre familiale \u00e0 l&#039;h\u00f4tel Bakker in Vorden\u00a0\u00bb module_class=\u00a0\u00bbhws-blurb\u00a0\u00bb _builder_version=\u00a0\u00bb3.0.106&Prime; header_level=\u00a0\u00bbh2&Prime; header_font=\u00a0\u00bb|700||on|||||\u00a0\u00bb header_text_align=\u00a0\u00bbcenter\u00a0\u00bb background_color=\u00a0\u00bb#ffffff\u00a0\u00bb animation=\u00a0\u00bboff\u00a0\u00bb use_border_color=\u00a0\u00bboff\u00a0\u00bb global_module=\u00a0\u00bb118506&Prime; saved_tabs=\u00a0\u00bball\u00a0\u00bb custom_css_blurb_content=\u00a0\u00bbheight: 525px;\u00a0\u00bb url_new_window=\u00a0\u00bboff\u00a0\u00bb use_icon=\u00a0\u00bboff\u00a0\u00bb use_circle=\u00a0\u00bboff\u00a0\u00bb use_circle_border=\u00a0\u00bboff\u00a0\u00bb icon_placement=\u00a0\u00bbtop\u00a0\u00bb background_layout=\u00a0\u00bblight\u00a0\u00bb use_icon_font_size=\u00a0\u00bboff\u00a0\u00bb]<\/p>\n<p>Vierpersoonskamer met bad of douche en met een tuin of balkon. De kamers bevinden zich in een historisch bijgebouw tegenover het hotel.<\/p>\n<p>Kamergrootte: 49 m2. Kamerfaciliteiten: balkon, TV, telefoon, radio, bureau, zithoek, verwarming, douche, bad, haardroger, WC,\u00a02 persoons bed, comfortabele slaapbank, gratis WiFi.<\/p>\n<p>[\/et_pb_blurb][et_pb_button admin_label=\u00a0\u00bbButton &#8211; Meer info\u00a0\u00bb button_url=\u00a0\u00bbhttps:\/\/www.bakkerinvorden.nl\/kamers\/hotelinformatie\/\u00a0\u00bb button_text=\u00a0\u00bbPlus d&apos;informations\u00a0\u00bb button_alignment=\u00a0\u00bbcenter\u00a0\u00bb background_layout=\u00a0\u00bbdark\u00a0\u00bb module_class=\u00a0\u00bbhws-btn-left\u00a0\u00bb _builder_version=\u00a0\u00bb3.0.91&Prime; custom_button=\u00a0\u00bbon\u00a0\u00bb button_text_size=\u00a0\u00bb16&Prime; button_bg_color=\u00a0\u00bb#8f8d8d\u00a0\u00bb button_font=\u00a0\u00bb|||on|||||\u00a0\u00bb button_use_icon=\u00a0\u00bboff\u00a0\u00bb button_bg_color_hover=\u00a0\u00bb#999797&Prime; button_letter_spacing_hover=\u00a0\u00bb0&Prime; global_module=\u00a0\u00bb118512&Prime; saved_tabs=\u00a0\u00bball\u00a0\u00bb]<\/p>\n<p>&nbsp;<\/p>\n<p>[\/et_pb_button][et_pb_button admin_label=\u00a0\u00bbButton &#8211; Boek Nu\u00a0\u00bb button_url=\u00a0\u00bbhttps:\/\/www.bakkerinvorden.nl\/kamers\/reserveer-een-kamer\/?type_reservering=Hotelkamer&amp;kamertype=Familiekamer\u00a0\u00bb button_text=\u00a0\u00bbR\u00e9servez d\u00e8s maintenant\u00a0\u00bb button_alignment=\u00a0\u00bbcenter\u00a0\u00bb background_layout=\u00a0\u00bbdark\u00a0\u00bb module_class=\u00a0\u00bbhws-btn-right\u00a0\u00bb _builder_version=\u00a0\u00bb3.0.106&Prime; global_module=\u00a0\u00bb118514&Prime; saved_tabs=\u00a0\u00bball\u00a0\u00bb button_bg_color=\u00a0\u00bb#504c4c\u00a0\u00bb button_font=\u00a0\u00bb|||on|||||\u00a0\u00bb button_use_icon=\u00a0\u00bboff\u00a0\u00bb button_bg_color_hover=\u00a0\u00bb#424242&Prime; url_new_window=\u00a0\u00bboff\u00a0\u00bb custom_button=\u00a0\u00bboff\u00a0\u00bb button_icon_placement=\u00a0\u00bbright\u00a0\u00bb \/][\/et_pb_column][\/et_pb_row][\/et_pb_section]<\/p>\n","protected":false},"excerpt":{"rendered":"<p>Dormez tranquillement \u00e0 l&rsquo;h\u00f4tel Bakker&#8230; Apr\u00e8s un d\u00e9licieux d\u00eener, une f\u00eate ou une journ\u00e9e dans l&rsquo;Achterhoek, il est relaxant de dormir \u00e0 Bakker in Vorden. L&rsquo;h\u00f4tel dispose de 12 jolies chambres de jardin, 13 chambres de luxe, 2 suites et 3 chambres familiales spacieuses. Offre de menu pour les clients de l&rsquo;h\u00f4tel En tant que [&hellip;]<\/p>\n","protected":false},"author":9,"featured_media":0,"parent":0,"menu_order":0,"comment_status":"closed","ping_status":"closed","template":"","meta":{"_et_pb_use_builder":"on","_et_pb_old_content":"","_et_gb_content_width":"","footnotes":""},"class_list":["post-124124","page","type-page","status-publish","hentry"],"_links":{"self":[{"href":"https:\/\/wpml.hrcws.nl\/fr\/wp-json\/wp\/v2\/pages\/124124","targetHints":{"allow":["GET"]}}],"collection":[{"href":"https:\/\/wpml.hrcws.nl\/fr\/wp-json\/wp\/v2\/pages"}],"about":[{"href":"https:\/\/wpml.hrcws.nl\/fr\/wp-json\/wp\/v2\/types\/page"}],"author":[{"embeddable":true,"href":"https:\/\/wpml.hrcws.nl\/fr\/wp-json\/wp\/v2\/users\/9"}],"replies":[{"embeddable":true,"href":"https:\/\/wpml.hrcws.nl\/fr\/wp-json\/wp\/v2\/comments?post=124124"}],"version-history":[{"count":2,"href":"https:\/\/wpml.hrcws.nl\/fr\/wp-json\/wp\/v2\/pages\/124124\/revisions"}],"predecessor-version":[{"id":124133,"href":"https:\/\/wpml.hrcws.nl\/fr\/wp-json\/wp\/v2\/pages\/124124\/revisions\/124133"}],"wp:attachment":[{"href":"https:\/\/wpml.hrcws.nl\/fr\/wp-json\/wp\/v2\/media?parent=124124"}],"curies":[{"name":"wp","href":"https:\/\/api.w.org\/{rel}","templated":true}]}}