{"id":124170,"date":"2022-11-14T14:35:30","date_gmt":"2022-11-14T13:35:30","guid":{"rendered":"https:\/\/wpml.hrcws.nl\/test-ate-fr\/"},"modified":"2025-08-11T16:02:55","modified_gmt":"2025-08-11T14:02:55","slug":"test-ate-fr","status":"publish","type":"page","link":"https:\/\/wpml.hrcws.nl\/fr\/test-ate-fr\/","title":{"rendered":"Test ATE FR"},"content":{"rendered":"<p>[et_pb_section fb_built=\u00a0\u00bb1&Prime; _builder_version=\u00a0\u00bb4.19.0&Prime; _module_preset=\u00a0\u00bbdefault\u00a0\u00bb global_colors_info=\u00a0\u00bb{}\u00a0\u00bb][et_pb_row _builder_version=\u00a0\u00bb4.19.0&Prime; _module_preset=\u00a0\u00bbdefault\u00a0\u00bb global_colors_info=\u00a0\u00bb{}\u00a0\u00bb][et_pb_column type=\u00a0\u00bb4_4&Prime; _builder_version=\u00a0\u00bb4.19.0&Prime; _module_preset=\u00a0\u00bbdefault\u00a0\u00bb global_colors_info=\u00a0\u00bb{}\u00a0\u00bb][et_pb_text _builder_version=\u00a0\u00bb4.19.0&Prime; _module_preset=\u00a0\u00bbdefault\u00a0\u00bb global_colors_info=\u00a0\u00bb{}\u00a0\u00bb]<\/p>\n<p>D&rsquo;apr\u00e8s mon exp\u00e9rience, c&rsquo;\u00e9tait une vieille femme. Mais maintenant que je vieillis moi-m\u00eame, je pense que son \u00e2ge devait \u00eatre inf\u00e9rieur \u00e0 celui que j&rsquo;avais estim\u00e9 \u00e0 l&rsquo;\u00e9poque. Tante Constance, un cuirass\u00e9. Une femme d&rsquo;envergure, d&rsquo;une grande envergure. Et ce n&rsquo;est pas tant en raison de sa taille que parce qu&rsquo;elle \u00e9tait une femme avec laquelle il fallait compter.<\/p>\n<p>[\/et_pb_text][et_pb_text _builder_version=\u00a0\u00bb4.19.0&Prime; _module_preset=\u00a0\u00bbdefault\u00a0\u00bb hover_enabled=\u00a0\u00bb0&Prime; global_colors_info=\u00a0\u00bb{}\u00a0\u00bb sticky_enabled=\u00a0\u00bb0&Prime;]<\/p>\n<p>Tante Constance. Un artefact. Un fossile vivant d&rsquo;une \u00e9poque qui m&rsquo;a \u00e9chapp\u00e9, pas m\u00eame en noir et blanc, mais en s\u00e9pia flou, entour\u00e9 de brouillard, ou plut\u00f4t de fum\u00e9e. Parce qu&rsquo;elle fumait, tante Constance et consid\u00e9rablement aussi. Cependant, elle ne fumait pas les Mantano ou les Camel que tout le monde allumait \u00e0 l&rsquo;\u00e9poque, non, elle fumait des cigares. Et pas les cigares habituels des dames, non, tante Constance fumait de vrais cigares. Le fait qu&rsquo;elle ait ainsi montr\u00e9 qu&rsquo;elle ne voulait pas se conformer \u00e0 la l\u00e9galit\u00e9 sociale en vigueur \u00e0 l&rsquo;\u00e9poque est une chose que je n&rsquo;ai comprise qu&rsquo;\u00e0 un niveau subconscient.<\/p>\n<p>[\/et_pb_text][\/et_pb_column][\/et_pb_row][\/et_pb_section]<\/p>\n","protected":false},"excerpt":{"rendered":"<p>D&rsquo;apr\u00e8s mon exp\u00e9rience, c&rsquo;\u00e9tait une vieille femme. Mais maintenant que je vieillis moi-m\u00eame, je pense que son \u00e2ge devait \u00eatre inf\u00e9rieur \u00e0 celui que j&rsquo;avais estim\u00e9 \u00e0 l&rsquo;\u00e9poque. Tante Constance, un cuirass\u00e9. Une femme d&rsquo;envergure, d&rsquo;une grande envergure. Et ce n&rsquo;est pas tant en raison de sa taille que parce qu&rsquo;elle \u00e9tait une femme avec [&hellip;]<\/p>\n","protected":false},"author":9,"featured_media":0,"parent":0,"menu_order":0,"comment_status":"closed","ping_status":"closed","template":"","meta":{"_et_pb_use_builder":"on","_et_pb_old_content":"","_et_gb_content_width":"","footnotes":""},"class_list":["post-124170","page","type-page","status-publish","hentry"],"_links":{"self":[{"href":"https:\/\/wpml.hrcws.nl\/fr\/wp-json\/wp\/v2\/pages\/124170","targetHints":{"allow":["GET"]}}],"collection":[{"href":"https:\/\/wpml.hrcws.nl\/fr\/wp-json\/wp\/v2\/pages"}],"about":[{"href":"https:\/\/wpml.hrcws.nl\/fr\/wp-json\/wp\/v2\/types\/page"}],"author":[{"embeddable":true,"href":"https:\/\/wpml.hrcws.nl\/fr\/wp-json\/wp\/v2\/users\/9"}],"replies":[{"embeddable":true,"href":"https:\/\/wpml.hrcws.nl\/fr\/wp-json\/wp\/v2\/comments?post=124170"}],"version-history":[{"count":2,"href":"https:\/\/wpml.hrcws.nl\/fr\/wp-json\/wp\/v2\/pages\/124170\/revisions"}],"predecessor-version":[{"id":124176,"href":"https:\/\/wpml.hrcws.nl\/fr\/wp-json\/wp\/v2\/pages\/124170\/revisions\/124176"}],"wp:attachment":[{"href":"https:\/\/wpml.hrcws.nl\/fr\/wp-json\/wp\/v2\/media?parent=124170"}],"curies":[{"name":"wp","href":"https:\/\/api.w.org\/{rel}","templated":true}]}}