{"id":124180,"date":"2024-07-24T14:23:52","date_gmt":"2024-07-24T12:23:52","guid":{"rendered":"https:\/\/wpml.hrcws.nl\/paragraphe\/"},"modified":"2024-07-24T14:23:52","modified_gmt":"2024-07-24T12:23:52","slug":"paragraphe","status":"publish","type":"page","link":"https:\/\/wpml.hrcws.nl\/fr\/paragraphe\/","title":{"rendered":"Paragraphe"},"content":{"rendered":"<p>C&rsquo;est une chose qui ne m&rsquo;aurait pos\u00e9 aucun probl\u00e8me il y a quelques ann\u00e9es, mais c&rsquo;est d\u00e9sormais le cas. Et je me suis rendu compte que les voyages ont certainement influenc\u00e9 cela.<\/p>\n<p>Alors qu&rsquo;imm\u00e9diatement apr\u00e8s mon retour, je pensais encore que je n&rsquo;avais rien appris de mon voyage, j&rsquo;ai d\u00e9couvert au fil du temps que j&rsquo;avais effectivement appris des choses. De plus en plus, j&rsquo;ai remarqu\u00e9 que je pouvais faire remonter les choses \u00e0 mon voyage.<\/p>\n<p>Ainsi, \u00e0 ma grande surprise, je me suis av\u00e9r\u00e9 \u00eatre lentement mais s\u00fbrement gu\u00e9ri du \u00ab\u00a0syndrome du lac\u00a0\u00bb. Au bout d&rsquo;un an, j&rsquo;ai rendu ma voiture de location et j&rsquo;ai commenc\u00e9 \u00e0 conduire des roues vertes. J&rsquo;aimerais pouvoir dire que je l&rsquo;ai fait uniquement pour des raisons de durabilit\u00e9, mais je dois avouer que cette d\u00e9cision \u00e9tait principalement motiv\u00e9e par des raisons financi\u00e8res.<\/p>\n<p>Le fait de rendre mes cl\u00e9s de voiture m&rsquo;a rapport\u00e9 pr\u00e8s de 1 000 euros (bruts) par mois. Et \u00e0 quoi sert une grosse voiture de location si vous habitez pr\u00e8s de votre lieu de travail ? Je l&rsquo;aurais gard\u00e9 uniquement comme un symbole de statut social, et j&rsquo;ai sembl\u00e9 consid\u00e9rer cela comme moins important apr\u00e8s le voyage.<\/p>\n","protected":false},"excerpt":{"rendered":"<p>C&rsquo;est une chose qui ne m&rsquo;aurait pos\u00e9 aucun probl\u00e8me il y a quelques ann\u00e9es, mais c&rsquo;est d\u00e9sormais le cas. Et je me suis rendu compte que les voyages ont certainement influenc\u00e9 cela. Alors qu&rsquo;imm\u00e9diatement apr\u00e8s mon retour, je pensais encore que je n&rsquo;avais rien appris de mon voyage, j&rsquo;ai d\u00e9couvert au fil du temps que [&hellip;]<\/p>\n","protected":false},"author":9,"featured_media":0,"parent":0,"menu_order":0,"comment_status":"closed","ping_status":"closed","template":"","meta":{"_et_pb_use_builder":"","_et_pb_old_content":"","_et_gb_content_width":"","footnotes":""},"class_list":["post-124180","page","type-page","status-publish","hentry"],"_links":{"self":[{"href":"https:\/\/wpml.hrcws.nl\/fr\/wp-json\/wp\/v2\/pages\/124180","targetHints":{"allow":["GET"]}}],"collection":[{"href":"https:\/\/wpml.hrcws.nl\/fr\/wp-json\/wp\/v2\/pages"}],"about":[{"href":"https:\/\/wpml.hrcws.nl\/fr\/wp-json\/wp\/v2\/types\/page"}],"author":[{"embeddable":true,"href":"https:\/\/wpml.hrcws.nl\/fr\/wp-json\/wp\/v2\/users\/9"}],"replies":[{"embeddable":true,"href":"https:\/\/wpml.hrcws.nl\/fr\/wp-json\/wp\/v2\/comments?post=124180"}],"version-history":[{"count":0,"href":"https:\/\/wpml.hrcws.nl\/fr\/wp-json\/wp\/v2\/pages\/124180\/revisions"}],"wp:attachment":[{"href":"https:\/\/wpml.hrcws.nl\/fr\/wp-json\/wp\/v2\/media?parent=124180"}],"curies":[{"name":"wp","href":"https:\/\/api.w.org\/{rel}","templated":true}]}}