{"id":124234,"date":"2024-07-24T14:27:51","date_gmt":"2024-07-24T12:27:51","guid":{"rendered":"https:\/\/wpml.hrcws.nl\/paragraphe-2\/"},"modified":"2024-07-24T14:27:51","modified_gmt":"2024-07-24T12:27:51","slug":"paragraphe-2","status":"publish","type":"page","link":"https:\/\/wpml.hrcws.nl\/fr\/paragraphe-2\/","title":{"rendered":"Paragraphe 2"},"content":{"rendered":"<p>Entre-temps, Zwitserleven avait mis Kees Brusse sur la touche et l&rsquo;avait remplac\u00e9 par Huub Stapel. Je ne comprenais pas du tout ces publicit\u00e9s. Huub Stapel \u00e9tait certainement loin d&rsquo;avoir atteint l&rsquo;\u00e2ge de la retraite. Qu&rsquo;est-ce que cet homme a \u00e0 voir avec la retraite ?<\/p>\n<p>Et que faisait-il sur cette plage de palmiers avec Ellen Ten Damme ? Celui-ci n&rsquo;\u00e9tait pas non plus pr\u00eat pour le blabla, n&rsquo;est-ce pas ? L&rsquo;id\u00e9e derri\u00e8re cette publicit\u00e9 \u00e9tait-elle que je pourrais me pr\u00e9lasser sur une plage de palmiers \u00e0 un si jeune \u00e2ge si Zwitserleven s&rsquo;occupait de ma retraite ?<\/p>\n<p>Cela me semble fort. Mais m\u00eame si je ne comprenais pas les projecteurs, ils fonctionnaient apparemment. Et ce n&rsquo;est pas fini, puisque la campagne publicitaire de Zwitserleven est devenue la plus longue campagne publicitaire des Pays-Bas.<\/p>\n","protected":false},"excerpt":{"rendered":"<p>Entre-temps, Zwitserleven avait mis Kees Brusse sur la touche et l&rsquo;avait remplac\u00e9 par Huub Stapel. Je ne comprenais pas du tout ces publicit\u00e9s. Huub Stapel \u00e9tait certainement loin d&rsquo;avoir atteint l&rsquo;\u00e2ge de la retraite. Qu&rsquo;est-ce que cet homme a \u00e0 voir avec la retraite ? Et que faisait-il sur cette plage de palmiers avec Ellen [&hellip;]<\/p>\n","protected":false},"author":9,"featured_media":0,"parent":0,"menu_order":0,"comment_status":"closed","ping_status":"closed","template":"","meta":{"_et_pb_use_builder":"","_et_pb_old_content":"","_et_gb_content_width":"","footnotes":""},"class_list":["post-124234","page","type-page","status-publish","hentry"],"_links":{"self":[{"href":"https:\/\/wpml.hrcws.nl\/fr\/wp-json\/wp\/v2\/pages\/124234","targetHints":{"allow":["GET"]}}],"collection":[{"href":"https:\/\/wpml.hrcws.nl\/fr\/wp-json\/wp\/v2\/pages"}],"about":[{"href":"https:\/\/wpml.hrcws.nl\/fr\/wp-json\/wp\/v2\/types\/page"}],"author":[{"embeddable":true,"href":"https:\/\/wpml.hrcws.nl\/fr\/wp-json\/wp\/v2\/users\/9"}],"replies":[{"embeddable":true,"href":"https:\/\/wpml.hrcws.nl\/fr\/wp-json\/wp\/v2\/comments?post=124234"}],"version-history":[{"count":0,"href":"https:\/\/wpml.hrcws.nl\/fr\/wp-json\/wp\/v2\/pages\/124234\/revisions"}],"wp:attachment":[{"href":"https:\/\/wpml.hrcws.nl\/fr\/wp-json\/wp\/v2\/media?parent=124234"}],"curies":[{"name":"wp","href":"https:\/\/api.w.org\/{rel}","templated":true}]}}