{"id":124239,"date":"2024-07-22T13:44:39","date_gmt":"2024-07-22T11:44:39","guid":{"rendered":"https:\/\/wpml.hrcws.nl\/wpml-ate-test\/"},"modified":"2025-08-11T16:03:37","modified_gmt":"2025-08-11T14:03:37","slug":"wpml-ate-test","status":"publish","type":"page","link":"https:\/\/wpml.hrcws.nl\/fr\/wpml-ate-test\/","title":{"rendered":"WPML ATE Test"},"content":{"rendered":"<p>[et_pb_section fb_built=\u00a0\u00bb1&Prime; _builder_version=\u00a0\u00bb4.27.0&Prime; _module_preset=\u00a0\u00bbdefault\u00a0\u00bb custom_margin=\u00a0\u00bb100px||100px||true|false\u00a0\u00bb global_colors_info=\u00a0\u00bb{}\u00a0\u00bb][et_pb_row _builder_version=\u00a0\u00bb4.27.0&Prime; _module_preset=\u00a0\u00bbdefault\u00a0\u00bb global_colors_info=\u00a0\u00bb{}\u00a0\u00bb][et_pb_column type=\u00a0\u00bb4_4&Prime; _builder_version=\u00a0\u00bb4.27.0&Prime; _module_preset=\u00a0\u00bbdefault\u00a0\u00bb global_colors_info=\u00a0\u00bb{}\u00a0\u00bb][et_pb_text _builder_version=\u00a0\u00bb4.27.0&Prime; _module_preset=\u00a0\u00bbdefault\u00a0\u00bb global_colors_info=\u00a0\u00bb{}\u00a0\u00bb]<\/p>\n<p>La page la plus visit\u00e9e du site web d&rsquo;un caf\u00e9 est le menu. Logique, car avant de choisir un restaurant, vous voulez savoir ce qu&rsquo;il y a sur la carte. En fait, une <a href=\"https:\/\/restaurant.opentable.com\/resources\/holiday-marketing\/\" target=\"_blank\" rel=\"noreferrer noopener\">\u00e9tude r\u00e9alis\u00e9e par OpenTable<\/a> a conclu que 93 % des gens consultent les menus en ligne avant d&rsquo;aller au restaurant. Il est donc essentiel que ce menu soit facile \u00e0 ouvrir et \u00e0 lire. Malheureusement, ce n&rsquo;est pas toujours le cas.<\/p>\n<p>Le menu est ensuite disponible en fichier PDF sur le site web. Il s&rsquo;agit g\u00e9n\u00e9ralement de la m\u00eame version imprim\u00e9e que celle que vous recevez au restaurant. C&rsquo;est facile pour vous car il est plus rapide de mettre un PDF sur votre site web que de tout retaper sur votre site web.<\/p>\n<p>Toutefois, je vous recommande de placer le menu sur votre site web sous forme de texte brut et non de PDF.<\/p>\n<p><strong>Un fichier PDF n&rsquo;est pas adapt\u00e9 \u00e0 un site web. Il n&rsquo;est pas con\u00e7u pour une utilisation en ligne et n&rsquo;est pas convivial pour vos invit\u00e9s.<\/strong><\/p>\n<p>Je vous donne ci-dessous les 6 raisons principales pour lesquelles il est pr\u00e9f\u00e9rable de ne pas mettre un menu PDF sur le site web de votre restaurant.<\/p>\n<p>[\/et_pb_text][\/et_pb_column][\/et_pb_row][\/et_pb_section]<\/p>\n","protected":false},"excerpt":{"rendered":"<p>La page la plus visit\u00e9e du site web d&rsquo;un caf\u00e9 est le menu. Logique, car avant de choisir un restaurant, vous voulez savoir ce qu&rsquo;il y a sur la carte. En fait, une \u00e9tude r\u00e9alis\u00e9e par OpenTable a conclu que 93 % des gens consultent les menus en ligne avant d&rsquo;aller au restaurant. Il est [&hellip;]<\/p>\n","protected":false},"author":9,"featured_media":0,"parent":0,"menu_order":0,"comment_status":"closed","ping_status":"closed","template":"","meta":{"_et_pb_use_builder":"on","_et_pb_old_content":"","_et_gb_content_width":"","footnotes":""},"class_list":["post-124239","page","type-page","status-publish","hentry"],"_links":{"self":[{"href":"https:\/\/wpml.hrcws.nl\/fr\/wp-json\/wp\/v2\/pages\/124239","targetHints":{"allow":["GET"]}}],"collection":[{"href":"https:\/\/wpml.hrcws.nl\/fr\/wp-json\/wp\/v2\/pages"}],"about":[{"href":"https:\/\/wpml.hrcws.nl\/fr\/wp-json\/wp\/v2\/types\/page"}],"author":[{"embeddable":true,"href":"https:\/\/wpml.hrcws.nl\/fr\/wp-json\/wp\/v2\/users\/9"}],"replies":[{"embeddable":true,"href":"https:\/\/wpml.hrcws.nl\/fr\/wp-json\/wp\/v2\/comments?post=124239"}],"version-history":[{"count":4,"href":"https:\/\/wpml.hrcws.nl\/fr\/wp-json\/wp\/v2\/pages\/124239\/revisions"}],"predecessor-version":[{"id":124252,"href":"https:\/\/wpml.hrcws.nl\/fr\/wp-json\/wp\/v2\/pages\/124239\/revisions\/124252"}],"wp:attachment":[{"href":"https:\/\/wpml.hrcws.nl\/fr\/wp-json\/wp\/v2\/media?parent=124239"}],"curies":[{"name":"wp","href":"https:\/\/api.w.org\/{rel}","templated":true}]}}